{"id":3,"date":"2023-05-31T21:50:42","date_gmt":"2023-05-31T19:50:42","guid":{"rendered":"http:\/\/fip-wenn-jede-minute-zaehlt.de\/?page_id=3"},"modified":"2023-09-06T18:01:51","modified_gmt":"2023-09-06T16:01:51","slug":"datenschutz","status":"publish","type":"page","link":"https:\/\/fip-wenn-jede-minute-zaehlt.de\/?page_id=3","title":{"rendered":"Datenschutz"},"content":{"rendered":"\n<h2 class=\"wp-block-heading alignwide has-text-align-center\">1. Verantwortliche<\/h2>\n\n\n\n<h2 class=\"wp-block-heading alignwide has-text-align-center has-small-font-size\">Die Adresse unserer Website ist: http:\/\/fip-wenn-jede-minute-zaehlt.de.<\/h2>\n\n\n\n<h2 class=\"wp-block-heading alignwide has-text-align-center has-small-font-size\">E-Mail:&nbsp;<a href=\"mailto:fipwennjedeminutezaehlt@gmail.com\" target=\"_blank\" rel=\"noreferrer noopener\">fipwennjedeminutezaehlt@gmail.com<\/a><\/h2>\n\n\n\n<h2 class=\"wp-block-heading alignwide has-text-align-center\">2. Allgemeine Hinweise<\/h2>\n\n\n\n<h2 class=\"wp-block-heading alignwide has-text-align-center has-small-font-size\">Als privater Betreiber dieser Website nehmen wir den Schutz Ihrer pers\u00f6nlichen Daten sehr ernst. Wir behandeln Ihre personenbezogenen Daten vertraulich und entsprechend der gesetzlichen Datenschutzvorschriften.<\/h2>\n\n\n\n<h2 class=\"wp-block-heading alignwide has-text-align-center\">3. Datenerfassung auf unserer Website<\/h2>\n\n\n\n<h2 class=\"wp-block-heading alignwide has-small-font-size\">Beim blo\u00dfen Besuch unserer Website werden keine personenbezogenen Daten von Ihnen erfasst, au\u00dfer die Daten, die Ihr Browser automatisch sendet, um Ihnen den Besuch der Website zu erm\u00f6glichen. Diese werden nicht gespeichert.<\/h2>\n\n\n\n<h2 class=\"wp-block-heading has-text-align-center\">4. Cookies<\/h2>\n\n\n\n<h2 class=\"wp-block-heading alignwide has-text-align-center has-small-font-size\">Unsere Website verwendet keine Cookies.<\/h2>\n\n\n\n<h2 class=\"wp-block-heading has-text-align-center\">5. Kontaktm\u00f6glichkeit<\/h2>\n\n\n\n<h2 class=\"wp-block-heading alignwide has-text-align-center has-small-font-size\">Wenn Sie uns \u00fcber das Kontaktformular oder die angegebenen Kontaktm\u00f6glichkeiten schreiben, werden wir Ihre Telefonnummer und E-Mail-Adresse nur zur Beantwortung Ihrer Anfrage verwenden und danach l\u00f6schen.<\/h2>\n\n\n\n<h2 class=\"wp-block-heading has-text-align-center\">6. Ihre Rechte<\/h2>\n\n\n\n<h2 class=\"wp-block-heading alignwide has-text-align-center has-small-font-size\">Sie haben das Recht, jederzeit Auskunft \u00fcber Ihre bei uns gespeicherten personenbezogenen Daten zu verlangen. Auch haben Sie das Recht auf Berichtigung, L\u00f6schung oder Einschr\u00e4nkung der Verarbeitung Ihrer Daten.<\/h2>\n","protected":false},"excerpt":{"rendered":"<p>1. Verantwortliche Die Adresse unserer Website ist: http:\/\/fip-wenn-jede-minute-zaehlt.de. E-Mail:&nbsp;fipwennjedeminutezaehlt@gmail.com 2. Allgemeine Hinweise Als privater Betreiber dieser Website nehmen wir den Schutz Ihrer pers\u00f6nlichen Daten sehr ernst. Wir behandeln Ihre personenbezogenen Daten vertraulich und entsprechend der gesetzlichen Datenschutzvorschriften. 3. Datenerfassung auf unserer Website Beim blo\u00dfen Besuch unserer Website werden keine personenbezogenen Daten von Ihnen erfasst, au\u00dfer&hellip; <a class=\"more-link\" href=\"https:\/\/fip-wenn-jede-minute-zaehlt.de\/?page_id=3\">Continue reading <span class=\"screen-reader-text\">Datenschutz<\/span><\/a><\/p>\n","protected":false},"author":1,"featured_media":0,"parent":0,"menu_order":0,"comment_status":"closed","ping_status":"closed","template":"","meta":[],"aioseo_notices":[],"_links":{"self":[{"href":"https:\/\/fip-wenn-jede-minute-zaehlt.de\/index.php?rest_route=\/wp\/v2\/pages\/3"}],"collection":[{"href":"https:\/\/fip-wenn-jede-minute-zaehlt.de\/index.php?rest_route=\/wp\/v2\/pages"}],"about":[{"href":"https:\/\/fip-wenn-jede-minute-zaehlt.de\/index.php?rest_route=\/wp\/v2\/types\/page"}],"author":[{"embeddable":true,"href":"https:\/\/fip-wenn-jede-minute-zaehlt.de\/index.php?rest_route=\/wp\/v2\/users\/1"}],"replies":[{"embeddable":true,"href":"https:\/\/fip-wenn-jede-minute-zaehlt.de\/index.php?rest_route=%2Fwp%2Fv2%2Fcomments&post=3"}],"version-history":[{"count":5,"href":"https:\/\/fip-wenn-jede-minute-zaehlt.de\/index.php?rest_route=\/wp\/v2\/pages\/3\/revisions"}],"predecessor-version":[{"id":303,"href":"https:\/\/fip-wenn-jede-minute-zaehlt.de\/index.php?rest_route=\/wp\/v2\/pages\/3\/revisions\/303"}],"wp:attachment":[{"href":"https:\/\/fip-wenn-jede-minute-zaehlt.de\/index.php?rest_route=%2Fwp%2Fv2%2Fmedia&parent=3"}],"curies":[{"name":"wp","href":"https:\/\/api.w.org\/{rel}","templated":true}]}}