{"id":7,"date":"2023-05-31T22:01:52","date_gmt":"2023-05-31T20:01:52","guid":{"rendered":"http:\/\/fip-wenn-jede-minute-zaehlt.de\/?page_id=7"},"modified":"2023-09-06T18:01:51","modified_gmt":"2023-09-06T16:01:51","slug":"fip-wenn-jede-minute-zaehlt","status":"publish","type":"page","link":"https:\/\/fip-wenn-jede-minute-zaehlt.de\/","title":{"rendered":"FIP &#8211; Wenn jede Minute z\u00e4hlt"},"content":{"rendered":"\n<figure class=\"wp-block-image alignwide size-full is-style-default\"><img decoding=\"async\" loading=\"lazy\" width=\"1230\" height=\"468\" src=\"https:\/\/fip-wenn-jede-minute-zaehlt.de\/wp-content\/uploads\/2023\/05\/254476754.jpg\" alt=\"\" class=\"wp-image-29\" srcset=\"https:\/\/fip-wenn-jede-minute-zaehlt.de\/wp-content\/uploads\/2023\/05\/254476754.jpg 1230w, https:\/\/fip-wenn-jede-minute-zaehlt.de\/wp-content\/uploads\/2023\/05\/254476754-300x114.jpg 300w, https:\/\/fip-wenn-jede-minute-zaehlt.de\/wp-content\/uploads\/2023\/05\/254476754-1024x390.jpg 1024w, https:\/\/fip-wenn-jede-minute-zaehlt.de\/wp-content\/uploads\/2023\/05\/254476754-768x292.jpg 768w\" sizes=\"(max-width: 1230px) 100vw, 1230px\" \/><\/figure>\n\n\n\n<h2 class=\"wp-block-heading alignwide has-text-align-center has-text-color\" id=\"we-re-a-studio-in-berlin-with-an-international-practice-in-architecture-urban-planning-and-interior-design-we-believe-in-sharing-knowledge-and-promoting-dialogue-to-increase-the-creative-potential-of-collaboration\" style=\"color:#189dac;font-size:48px;line-height:1.1\">Hallo und herzlich willkommen!<\/h2>\n\n\n\n<h2 class=\"wp-block-heading alignwide has-text-align-center has-normal-font-size\" id=\"we-re-a-studio-in-berlin-with-an-international-practice-in-architecture-urban-planning-and-interior-design-we-believe-in-sharing-knowledge-and-promoting-dialogue-to-increase-the-creative-potential-of-collaboration\" style=\"font-style:normal;font-weight:400;line-height:1.5\">Wir wissen nur zu gut, wie belastend die <a href=\"https:\/\/fip-wenn-jede-minute-zaehlt.de\/?page_id=80\" title=\"Feline Infekti\u00f6se Peritonitis (FIP)\">Diagnose Feline Infekti\u00f6se Peritonitis (FIP)<\/a> ist. Aber lass uns Dir sagen: Es gibt Hoffnung in Form einer Therapie, die seit 2018 schon tausenden Katzen mit FIP das Leben gerettet hat. Bei uns findest Du wertvolle Informationen rund um die Krankheit FIP und ihre Therapiem\u00f6glichkeiten, Erfahrungen von betroffenen Katzenbesitzern sowie eine starke Gemeinschaft zum gegenseitigen Austausch und Unterst\u00fctzung. Zusammen k\u00f6nnen wir diese Herausforderung bew\u00e4ltigen.<\/h2>\n\n\n\n<p class=\"has-text-align-center\">Jede Minute z\u00e4hlt!<\/p>\n\n\n\n<div style=\"height:100px\" aria-hidden=\"true\" class=\"wp-block-spacer\"><\/div>\n\n\n\n<h2 class=\"wp-block-heading has-text-align-center has-text-color\" style=\"color:#189dac\">Sucht Ihr Hilfe?<\/h2>\n\n\n\n<p class=\"has-text-align-center has-normal-font-size\">Kontaktiere uns gerne \u00fcber das <a href=\"https:\/\/fip-wenn-jede-minute-zaehlt.de\/?page_id=9\" title=\"Kontakt\">Kontaktformular<\/a> oder in unserer <a href=\"https:\/\/www.facebook.com\/groups\/1616127545520183\" target=\"_blank\" rel=\"noopener\" title=\"Facebook Gruppe\">Facebook Gruppe<\/a>. Wir werden uns schnellstm\u00f6glich bei Dir melden! <\/p>\n\n\n\n<div style=\"height:100px\" aria-hidden=\"true\" class=\"wp-block-spacer\"><\/div>\n","protected":false},"excerpt":{"rendered":"<p>Hallo und herzlich willkommen! Wir wissen nur zu gut, wie belastend die Diagnose Feline Infekti\u00f6se Peritonitis (FIP) ist. Aber lass uns Dir sagen: Es gibt Hoffnung in Form einer Therapie, die seit 2018 schon tausenden Katzen mit FIP das Leben gerettet hat. Bei uns findest Du wertvolle Informationen rund um die Krankheit FIP und ihre&hellip; <a class=\"more-link\" href=\"https:\/\/fip-wenn-jede-minute-zaehlt.de\/\">Continue reading <span class=\"screen-reader-text\">FIP &#8211; Wenn jede Minute z\u00e4hlt<\/span><\/a><\/p>\n","protected":false},"author":1,"featured_media":0,"parent":0,"menu_order":0,"comment_status":"closed","ping_status":"closed","template":"","meta":[],"aioseo_notices":[],"_links":{"self":[{"href":"https:\/\/fip-wenn-jede-minute-zaehlt.de\/index.php?rest_route=\/wp\/v2\/pages\/7"}],"collection":[{"href":"https:\/\/fip-wenn-jede-minute-zaehlt.de\/index.php?rest_route=\/wp\/v2\/pages"}],"about":[{"href":"https:\/\/fip-wenn-jede-minute-zaehlt.de\/index.php?rest_route=\/wp\/v2\/types\/page"}],"author":[{"embeddable":true,"href":"https:\/\/fip-wenn-jede-minute-zaehlt.de\/index.php?rest_route=\/wp\/v2\/users\/1"}],"replies":[{"embeddable":true,"href":"https:\/\/fip-wenn-jede-minute-zaehlt.de\/index.php?rest_route=%2Fwp%2Fv2%2Fcomments&post=7"}],"version-history":[{"count":40,"href":"https:\/\/fip-wenn-jede-minute-zaehlt.de\/index.php?rest_route=\/wp\/v2\/pages\/7\/revisions"}],"predecessor-version":[{"id":270,"href":"https:\/\/fip-wenn-jede-minute-zaehlt.de\/index.php?rest_route=\/wp\/v2\/pages\/7\/revisions\/270"}],"wp:attachment":[{"href":"https:\/\/fip-wenn-jede-minute-zaehlt.de\/index.php?rest_route=%2Fwp%2Fv2%2Fmedia&parent=7"}],"curies":[{"name":"wp","href":"https:\/\/api.w.org\/{rel}","templated":true}]}}