{"id":8,"date":"2023-05-31T22:01:52","date_gmt":"2023-05-31T20:01:52","guid":{"rendered":"http:\/\/fip-wenn-jede-minute-zaehlt.de\/?page_id=8"},"modified":"2023-09-06T18:05:24","modified_gmt":"2023-09-06T16:05:24","slug":"ueber-uns","status":"publish","type":"page","link":"https:\/\/fip-wenn-jede-minute-zaehlt.de\/?page_id=8","title":{"rendered":"\u00dcber uns"},"content":{"rendered":"\n<div style=\"height:100px\" aria-hidden=\"true\" class=\"wp-block-spacer\"><\/div>\n\n\n\n<div class=\"wp-block-group alignfull has-background is-layout-flow\" style=\"background-color:#ffffff69\"><div class=\"wp-block-group__inner-container\">\n<div style=\"height:70px\" aria-hidden=\"true\" class=\"wp-block-spacer\"><\/div>\n\n\n\n<div class=\"wp-block-columns alignwide are-vertically-aligned-center is-layout-flex wp-container-3\">\n<div class=\"wp-block-column is-layout-flow\" style=\"flex-basis:50%\">\n<p class=\"has-text-color\" style=\"color:#189dac;font-size:30px;line-height:1.1\"><strong>Wer wir sind<\/strong><\/p>\n<\/div>\n\n\n\n<div class=\"wp-block-column is-layout-flow\" style=\"flex-basis:50%\">\n<hr class=\"wp-block-separator has-text-color has-css-opacity has-background is-style-wide\" style=\"background-color:#000000;color:#000000\"\/>\n<\/div>\n<\/div>\n\n\n\n<div class=\"wp-block-columns alignwide is-layout-flex wp-container-7\">\n<div class=\"wp-block-column is-layout-flow\"><\/div>\n\n\n\n<div class=\"wp-block-column is-layout-flow\">\n<p class=\"has-text-color has-extra-small-font-size\" style=\"color:#000000\">Wir sind eine starke Gemeinschaft von engagierten Katzenliebhabern, die sich daf\u00fcr einsetzen, an FIP erkrankten Katzen und ihren Besitzern zu helfen und \u00fcber die Krankheit und Therapiem\u00f6glichkeiten zu informieren. Bei uns dreht sich alles um den Austausch von Informationen und eigenen Erfahrungen, die uns dabei helfen, die bestm\u00f6gliche F\u00fcrsorge und Hilfe zu bieten.<\/p>\n<\/div>\n\n\n\n<div class=\"wp-block-column is-layout-flow\">\n<p class=\"has-text-color has-extra-small-font-size\" style=\"color:#000000\">Wir sind der festen \u00dcberzeugung, dass unsere vierbeinigen Freunde nicht an einer t\u00f6dlichen Krankheit sterben sollten, wenn es die M\u00f6glichkeit einer wirksamen Therapie gibt. Wir hoffen, dass das hochwirksame Medikament GS-441524 schnellstm\u00f6glich eine offizielle Zulassung bekommt. Bis dahin halten wir stets Ausschau nach neuen Forschungsergebnissen, Ver\u00f6ffentlichungen und klinischen Studien rund um das Thema FIP.  <\/p>\n<\/div>\n<\/div>\n\n\n\n<div style=\"height:40px\" aria-hidden=\"true\" class=\"wp-block-spacer\"><\/div>\n<\/div><\/div>\n\n\n\n<div style=\"height:100px\" aria-hidden=\"true\" class=\"wp-block-spacer\"><\/div>\n\n\n\n<div class=\"wp-block-group alignfull has-background is-layout-flow\" style=\"background-color:#ffffff69\"><div class=\"wp-block-group__inner-container\">\n<div style=\"height:70px\" aria-hidden=\"true\" class=\"wp-block-spacer\"><\/div>\n\n\n\n<div class=\"wp-block-columns alignwide are-vertically-aligned-center is-layout-flex wp-container-11\">\n<div class=\"wp-block-column is-layout-flow\" style=\"flex-basis:50%\">\n<p class=\"has-text-color\" style=\"color:#189dac;font-size:30px;line-height:1.1\"><strong>Was wir tun<\/strong><\/p>\n<\/div>\n\n\n\n<div class=\"wp-block-column is-layout-flow\" style=\"flex-basis:50%\">\n<hr class=\"wp-block-separator has-text-color has-css-opacity has-background is-style-wide\" style=\"background-color:#000000;color:#000000\"\/>\n<\/div>\n<\/div>\n\n\n\n<div class=\"wp-block-columns alignwide is-layout-flex wp-container-15\">\n<div class=\"wp-block-column is-layout-flow\"><\/div>\n\n\n\n<div class=\"wp-block-column is-layout-flow\">\n<p class=\"has-extra-small-font-size\">Wir stehen im engen Austausch mit Besitzern, Tierschutzvereinen und Tier\u00e4rzten, um das Beste f\u00fcr alle FIP F\u00e4lle zu erreichen. Ein erfahrener Ansprechpartner steht den betroffenen Katzenbesitzern w\u00e4hrend der gesamten Zeit mit Rat und Tat zur Seite.&nbsp;<\/p>\n\n\n\n<p class=\"has-extra-small-font-size\">Zu Beginn steht eine gr\u00fcndliche Diagnose oder mindestens ein starker, begr\u00fcndeter Verdacht auf FIP. Bei FIP z\u00e4hlt jede Minute, deshalb unterst\u00fctzen wir alle Verdachtsf\u00e4lle umgehend mit s\u00e4mtlichen wichtigen Informationen. Wir teilen relevante Infos zur Therapie, insbesondere wissenschaftliche Studien und unsere eigenen Erfahrungen.<\/p>\n<\/div>\n\n\n\n<div class=\"wp-block-column is-layout-flow\">\n<p class=\"has-text-color has-extra-small-font-size\" style=\"color:#000000\">Jeder FIP-Fall ist einzigartig, daher kann kein Standardvorgehen angewendet werden. Bei uns steht das Wohl der Katzen und ihre vollst\u00e4ndige Genesung an erster Stelle. Deshalb unterst\u00fctzen wir so umf\u00e4nglich, wie es geht.<\/p>\n\n\n\n<p class=\"has-text-color has-extra-small-font-size\" style=\"color:#000000\">Bitte denk daran: Wir sind kein Ersatz f\u00fcr tier\u00e4rztliche Behandlung. Alle medizinischen Entscheidungen sollten mit einem qualifizierten Tierarzt abgestimmt werden. Wer sich f\u00fcr eine bestimmte Therapiemethode entscheidet, tut dies auf eigene Verantwortung.<\/p>\n<\/div>\n<\/div>\n\n\n\n<div style=\"height:40px\" aria-hidden=\"true\" class=\"wp-block-spacer\"><\/div>\n<\/div><\/div>\n\n\n\n<div style=\"height:100px\" aria-hidden=\"true\" class=\"wp-block-spacer\"><\/div>\n\n\n\n<div class=\"wp-block-group alignfull has-background is-layout-flow\" style=\"background-color:#ffffff69\"><div class=\"wp-block-group__inner-container\">\n<div class=\"wp-block-group is-vertical is-layout-flex wp-container-17\">\n<p><\/p>\n<\/div>\n\n\n\n<div class=\"wp-block-columns alignwide are-vertically-aligned-center is-layout-flex wp-container-20\">\n<div class=\"wp-block-column is-layout-flow\" style=\"flex-basis:50%\">\n<p class=\"has-text-color\" style=\"color:#189dac;font-size:30px;line-height:1.1\"><strong>Spendenkonto<\/strong><\/p>\n<\/div>\n\n\n\n<div class=\"wp-block-column is-layout-flow\" style=\"flex-basis:50%\">\n<hr class=\"wp-block-separator has-text-color has-css-opacity has-background is-style-wide\" style=\"background-color:#000000;color:#000000\"\/>\n<\/div>\n<\/div>\n\n\n\n<div class=\"wp-block-columns alignwide is-layout-flex wp-container-22\">\n<div class=\"wp-block-column is-layout-flow\">\n<p>Falls ihr unsere Mission unterst\u00fctzen m\u00f6chtet, freuen wir uns \u00fcber jede noch so kleine Spende. Unsere Arbeit basiert komplett auf der Mithilfe von Freiwilligen, deshalb wird jeder Cent zu 100% dort ankommen, wo er am meisten gebraucht wird. <\/p>\n\n\n\n<p style=\"line-height:1.3\"><strong>Kontoinhaber<\/strong>: FIP Wenn jede Minute zaehlt<\/p>\n\n\n\n<p style=\"line-height:1.3\"><strong>IBAN<\/strong>:\u00a0DE08 7016 9466 0000 0386 95<\/p>\n\n\n\n<p style=\"line-height:1.3\"><strong>BIC<\/strong>: GENOFEF1M03<\/p>\n\n\n\n<p>Vielen Dank!<\/p>\n\n\n\n<p>Leider k\u00f6nnen wir keine Spendenquittung ausstellen, da wir kein eingetragener Verein sind.<\/p>\n<\/div>\n<\/div>\n\n\n\n<div style=\"height:40px\" aria-hidden=\"true\" class=\"wp-block-spacer\"><\/div>\n<\/div><\/div>\n\n\n\n<div style=\"height:100px\" aria-hidden=\"true\" class=\"wp-block-spacer\"><\/div>\n\n\n\n<hr class=\"wp-block-separator has-css-opacity is-style-default\"\/>\n\n\n\n<blockquote class=\"wp-block-quote has-text-align-center is-style-large\">\n<p>Wenn es um FIP geht, z\u00e4hlt jede Minute!<\/p>\n<\/blockquote>\n\n\n\n<hr class=\"wp-block-separator has-css-opacity is-style-default\"\/>\n","protected":false},"excerpt":{"rendered":"<p>Wer wir sind Wir sind eine starke Gemeinschaft von engagierten Katzenliebhabern, die sich daf\u00fcr einsetzen, an FIP erkrankten Katzen und ihren Besitzern zu helfen und \u00fcber die Krankheit und Therapiem\u00f6glichkeiten zu informieren. Bei uns dreht sich alles um den Austausch von Informationen und eigenen Erfahrungen, die uns dabei helfen, die bestm\u00f6gliche F\u00fcrsorge und Hilfe zu&hellip; <a class=\"more-link\" href=\"https:\/\/fip-wenn-jede-minute-zaehlt.de\/?page_id=8\">Continue reading <span class=\"screen-reader-text\">\u00dcber uns<\/span><\/a><\/p>\n","protected":false},"author":1,"featured_media":0,"parent":7,"menu_order":1,"comment_status":"closed","ping_status":"closed","template":"","meta":[],"aioseo_notices":[],"_links":{"self":[{"href":"https:\/\/fip-wenn-jede-minute-zaehlt.de\/index.php?rest_route=\/wp\/v2\/pages\/8"}],"collection":[{"href":"https:\/\/fip-wenn-jede-minute-zaehlt.de\/index.php?rest_route=\/wp\/v2\/pages"}],"about":[{"href":"https:\/\/fip-wenn-jede-minute-zaehlt.de\/index.php?rest_route=\/wp\/v2\/types\/page"}],"author":[{"embeddable":true,"href":"https:\/\/fip-wenn-jede-minute-zaehlt.de\/index.php?rest_route=\/wp\/v2\/users\/1"}],"replies":[{"embeddable":true,"href":"https:\/\/fip-wenn-jede-minute-zaehlt.de\/index.php?rest_route=%2Fwp%2Fv2%2Fcomments&post=8"}],"version-history":[{"count":19,"href":"https:\/\/fip-wenn-jede-minute-zaehlt.de\/index.php?rest_route=\/wp\/v2\/pages\/8\/revisions"}],"predecessor-version":[{"id":305,"href":"https:\/\/fip-wenn-jede-minute-zaehlt.de\/index.php?rest_route=\/wp\/v2\/pages\/8\/revisions\/305"}],"up":[{"embeddable":true,"href":"https:\/\/fip-wenn-jede-minute-zaehlt.de\/index.php?rest_route=\/wp\/v2\/pages\/7"}],"wp:attachment":[{"href":"https:\/\/fip-wenn-jede-minute-zaehlt.de\/index.php?rest_route=%2Fwp%2Fv2%2Fmedia&parent=8"}],"curies":[{"name":"wp","href":"https:\/\/api.w.org\/{rel}","templated":true}]}}