{"id":80,"date":"2023-06-01T21:05:00","date_gmt":"2023-06-01T19:05:00","guid":{"rendered":"https:\/\/fip-wenn-jede-minute-zaehlt.de\/?page_id=80"},"modified":"2023-09-06T21:36:09","modified_gmt":"2023-09-06T19:36:09","slug":"informationen-ueber-feline-infektioese-peritonitis-fip","status":"publish","type":"page","link":"https:\/\/fip-wenn-jede-minute-zaehlt.de\/?page_id=80","title":{"rendered":"Feline Infekti\u00f6se Peritonitis (FIP)"},"content":{"rendered":"\n<div class=\"wp-block-group alignfull has-background is-layout-flow\" style=\"background-color:#ffffff69\"><div class=\"wp-block-group__inner-container\">\n<div style=\"height:70px\" aria-hidden=\"true\" class=\"wp-block-spacer\"><\/div>\n\n\n\n<div class=\"wp-block-columns alignwide are-vertically-aligned-center is-layout-flex wp-container-3\">\n<div class=\"wp-block-column is-layout-flow\" style=\"flex-basis:50%\">\n<p class=\"has-text-color\" style=\"color:#189dac;font-size:30px;line-height:1.1\"><strong>Wie entsteht FIP?<\/strong><\/p>\n<\/div>\n\n\n\n<div class=\"wp-block-column is-layout-flow\" style=\"flex-basis:50%\">\n<hr class=\"wp-block-separator has-text-color has-css-opacity has-background is-style-wide\" style=\"background-color:#000000;color:#000000\"\/>\n<\/div>\n<\/div>\n\n\n\n<div class=\"wp-block-columns alignwide is-layout-flex wp-container-7\">\n<div class=\"wp-block-column is-layout-flow\"><\/div>\n\n\n\n<div class=\"wp-block-column is-layout-flow\">\n<p class=\"has-text-color has-extra-small-font-size\" style=\"color:#000000\">FIP ist eine bis vor kurzem immer t\u00f6dlich verlaufende Viruserkrankung. Sie entsteht, wenn das hoch ansteckende feline Coronavirus (FCoV), das in etwa 80% aller Katzen zu finden ist, mutiert und FIP ausl\u00f6st. <sup>(<a href=\"#quellen\" title=\"\">1<\/a>, <a href=\"#quellen\" title=\"\">2<\/a>)<\/sup> Solch eine Mutation entsteht allerdings nur in einem geringen Teil der mit FCoV infizierten Katzen. <sup>(<a href=\"#quellen\" title=\"\">2<\/a>)<\/sup> Nicht mutiert ist das FCoV harmlos und l\u00f6st meist keine Symptome aus, in seltenen F\u00e4llen kann es zu leichtem Durchfall oder Erbrechen kommen. <sup>(<a href=\"#quellen\" title=\"\">1<\/a>, <a href=\"#quellen\" title=\"\">2<\/a>)<\/sup><\/p>\n<\/div>\n\n\n\n<div class=\"wp-block-column is-layout-flow\">\n<p class=\"has-text-color has-extra-small-font-size\" style=\"color:#000000\"><strong>Wichtig zu wissen ist, dass FIP, einmal ausgebrochen, nicht ansteckend ist.<\/strong> <sup>(<a href=\"#quellen\" title=\"\">2<\/a>)<\/sup><\/p>\n<\/div>\n<\/div>\n\n\n\n<div style=\"height:40px\" aria-hidden=\"true\" class=\"wp-block-spacer\"><\/div>\n<\/div><\/div>\n\n\n\n<div style=\"height:100px\" aria-hidden=\"true\" class=\"wp-block-spacer\"><\/div>\n\n\n\n<div class=\"wp-block-group alignfull has-background is-layout-flow\" style=\"background-color:#ffffff69\"><div class=\"wp-block-group__inner-container\">\n<div style=\"height:70px\" aria-hidden=\"true\" class=\"wp-block-spacer\"><\/div>\n\n\n\n<div class=\"wp-block-columns alignwide are-vertically-aligned-center is-layout-flex wp-container-11\">\n<div class=\"wp-block-column is-layout-flow\" style=\"flex-basis:50%\">\n<p class=\"has-text-color\" style=\"color:#189dac;font-size:30px;line-height:1.1\"><strong>Was sind Risikofaktoren f\u00fcr FIP? <\/strong><\/p>\n<\/div>\n\n\n\n<div class=\"wp-block-column is-layout-flow\" style=\"flex-basis:50%\">\n<hr class=\"wp-block-separator has-text-color has-css-opacity has-background is-style-wide\" style=\"background-color:#000000;color:#000000\"\/>\n<\/div>\n<\/div>\n\n\n\n<div class=\"wp-block-columns alignwide is-layout-flex wp-container-15\">\n<div class=\"wp-block-column is-layout-flow\"><\/div>\n\n\n\n<div class=\"wp-block-column is-layout-flow\">\n<p class=\"has-text-color has-extra-small-font-size\" style=\"color:#000000\">In der Regel tritt die Erkrankung bei immungeschw\u00e4chten Katzen auf, besonders h\u00e4ufig erkranken junge Tiere und Senioren. Oftmals sind Stresssituationen ein Ausl\u00f6ser f\u00fcr die Erkrankung, wie zum Beispiel ein Umzug, Familienzuwachs oder Tierarztbehandlungen. <sup>(<a href=\"#quellen\" title=\"\">1<\/a>)<\/sup><\/p>\n<\/div>\n\n\n\n<div class=\"wp-block-column is-layout-flow\">\n<p class=\"has-text-color has-extra-small-font-size\" style=\"color:#000000\">Weitere vermutete Gr\u00fcnde sind unter anderem das Zusammenleben von gr\u00f6sseren Katzengruppen, wie es beispielsweise in Tierheimen, Pflegestellen oder Zuchten der Fall ist. Zus\u00e4tzlich gibt es verschiedene FCoV St\u00e4mme, die ein unterschiedliches Risiko zu FIP-ausl\u00f6senden Mutationen zeigen. <sup>(<a href=\"#quellen\" title=\"\">1<\/a>)<\/sup><\/p>\n<\/div>\n<\/div>\n\n\n\n<div style=\"height:40px\" aria-hidden=\"true\" class=\"wp-block-spacer\"><\/div>\n<\/div><\/div>\n\n\n\n<div style=\"height:100px\" aria-hidden=\"true\" class=\"wp-block-spacer\"><\/div>\n\n\n\n<div class=\"wp-block-group alignfull has-background is-layout-flow\" style=\"background-color:#ffffff69\"><div class=\"wp-block-group__inner-container\">\n<div style=\"height:70px\" aria-hidden=\"true\" class=\"wp-block-spacer\"><\/div>\n\n\n\n<div class=\"wp-block-columns alignwide are-vertically-aligned-center is-layout-flex wp-container-19\">\n<div class=\"wp-block-column is-layout-flow\" style=\"flex-basis:50%\">\n<p class=\"has-text-color\" style=\"color:#189dac;font-size:30px;line-height:1.1\"><strong>Was sind Symptome von FIP?<\/strong><\/p>\n<\/div>\n\n\n\n<div class=\"wp-block-column is-layout-flow\" style=\"flex-basis:50%\">\n<hr class=\"wp-block-separator has-text-color has-css-opacity has-background is-style-wide\" style=\"background-color:#000000;color:#000000\"\/>\n<\/div>\n<\/div>\n\n\n\n<div class=\"wp-block-columns alignwide is-layout-flex wp-container-23\">\n<div class=\"wp-block-column is-layout-flow\"><\/div>\n\n\n\n<div class=\"wp-block-column is-layout-flow\">\n<p class=\"has-text-color has-extra-small-font-size\" style=\"color:#000000\">Die meisten Symptome von FIP sind unspezifisch und von Katze zu Katze unterschiedlich. Tr\u00e4gheit, Appetitlosigkeit, Gewichtsverlust, Fieber und angeschwollene Lymphknoten geh\u00f6ren zu den h\u00e4ufigsten Symptomen. <sup>(<a href=\"#quellen\" title=\"\">1<\/a>, <a href=\"#quellen\" title=\"\">2<\/a>)<\/sup> Es gibt noch viele weitere, hier nicht aufgef\u00fchrte Symptome, die bei einer FIP Erkrankung auftreten k\u00f6nnen. <sup>(<a href=\"#quellen\" title=\"\">1<\/a>, <a href=\"#quellen\" title=\"\">2<\/a>)<\/sup><\/p>\n\n\n\n<p class=\"has-extra-small-font-size\">Es gibt vier unterschiedliche Formen der FIP. Mischformen sind m\u00f6glich und k\u00f6nnen sich auch noch im Verlauf der Erkrankung entwickeln.<\/p>\n<\/div>\n\n\n\n<div class=\"wp-block-column is-layout-flow\">\n<p class=\"has-extra-small-font-size\">Beispiele f\u00fcr Symptome der einzelnen FIP Formen:<\/p>\n\n\n\n<ul>\n<li class=\"has-extra-small-font-size\"><em>Feuchte FIP<\/em>: Erguss im Bauchraum oder Brusth\u00f6hle (Thorax), blasse Schleimh\u00e4ute,Herzprobleme, Atemprobleme. Wasser <strong>in<\/strong> der Lunge ist bei FIP eher untypisch und sollte weiter diagnostisch abgekl\u00e4rt werden.<\/li>\n<\/ul>\n\n\n\n<ul class=\"has-extra-small-font-size\">\n<li><em>Trockene FIP<\/em>: Gelbsucht, blasse Schleimh\u00e4ute, gastro-intestinale Symptome, Herzprobleme, Atemprobleme<\/li>\n<\/ul>\n\n\n\n<ul>\n<li class=\"has-extra-small-font-size\"><em>Okul\u00e4re FIP<\/em>: Ver\u00e4nderung der Augenfarbe, unterschiedlich grosse Pupillen, zuckende Pupillen, grosse Pupillen, die nicht auf Licht reagieren, Blindheit (Schleier auf dem Auge), Augenentz\u00fcndungen, Einblutungen im Auge<\/li>\n<\/ul>\n\n\n\n<ul>\n<li class=\"has-extra-small-font-size\"><em>Neurologische FIP<\/em>: Anf\u00e4lle, Zuckungen, Gleichgewichtsst\u00f6rungen, Gehst\u00f6rungen (schwankender Gang, Einknicken der Hinterbeine), verminderte Reaktionsf\u00e4higkeit, auff\u00e4lliges Verhalten wie Aggressionen, Verstecken, Katzenstreu fressen<\/li>\n<\/ul>\n<\/div>\n<\/div>\n\n\n\n<div style=\"height:40px\" aria-hidden=\"true\" class=\"wp-block-spacer\"><\/div>\n<\/div><\/div>\n\n\n\n<div style=\"height:100px\" aria-hidden=\"true\" class=\"wp-block-spacer\"><\/div>\n\n\n\n<div class=\"wp-block-group alignfull has-background is-layout-flow\" style=\"background-color:#ffffff69\"><div class=\"wp-block-group__inner-container\">\n<div style=\"height:70px\" aria-hidden=\"true\" class=\"wp-block-spacer\"><\/div>\n\n\n\n<div class=\"wp-block-columns alignwide are-vertically-aligned-center is-layout-flex wp-container-27\">\n<div class=\"wp-block-column is-layout-flow\" style=\"flex-basis:50%\">\n<p class=\"has-text-color\" style=\"color:#189dac;font-size:30px;line-height:1.1\"><strong>Wie wird FIP diagnostiziert?<\/strong><\/p>\n<\/div>\n\n\n\n<div class=\"wp-block-column is-layout-flow\" style=\"flex-basis:50%\">\n<hr class=\"wp-block-separator has-text-color has-css-opacity has-background is-style-wide\" style=\"background-color:#000000;color:#000000\"\/>\n<\/div>\n<\/div>\n\n\n\n<div class=\"wp-block-columns alignwide is-layout-flex wp-container-31\">\n<div class=\"wp-block-column is-layout-flow\"><\/div>\n\n\n\n<div class=\"wp-block-column is-layout-flow\">\n<p class=\"has-text-color has-extra-small-font-size\" style=\"color:#000000\">FIP zeigt oft sehr verschiedene, unspezifische Symptome und unterscheidet sich individuell bei jeder Katze, was eine eindeutige Diagnose erschwert. <sup>(<a href=\"#quellen\" title=\"\">1<\/a>, <a href=\"#quellen\" title=\"\">2<\/a>)<\/sup><\/p>\n\n\n\n<p class=\"has-extra-small-font-size\">FIP ist eine Ausschlussdiagnose. Daher gilt: Auch bei FIP Verdacht ist eine weitere Diagnostik basierend auf den vorliegenden Symptomen nicht zu vernachl\u00e4ssigen (zum Beispiel immunbedingte h\u00e4molytische An\u00e4mie (IHA), Toxoplasmose oder ein Lebershunt) und sollte mit dem Tierarzt besprochen werden.<\/p>\n\n\n\n<p class=\"has-extra-small-font-size\">Diagnostische Tests beinhalten unter anderem bestimmte Bluttests, Ultraschall und die Untersuchung der Ergussfl\u00fcssigkeit. Das diagnostische Vorgehen muss dabei auf die individuelle klinische Pr\u00e4sentation der Katze angepasst werden. <sup>(<a href=\"#quellen\" title=\"\">1<\/a>, <a href=\"#quellen\" title=\"\">2<\/a>)<\/sup><\/p>\n<\/div>\n\n\n\n<div class=\"wp-block-column is-layout-flow\">\n<p class=\"has-extra-small-font-size\">Blutbild:<\/p>\n\n\n\n<ul>\n<li class=\"has-extra-small-font-size\" style=\"line-height:1.3\">geriatrisches Blutbild<\/li>\n\n\n\n<li class=\"has-extra-small-font-size\" style=\"line-height:1.3\">Serum Elektrophorese (Eiweiss Elektrophorese)<\/li>\n\n\n\n<li class=\"has-extra-small-font-size\" style=\"line-height:1.3\">FCoV Antik\u00f6rpertiter<\/li>\n\n\n\n<li class=\"has-extra-small-font-size\" style=\"line-height:1.3\">H\u00e4matologie<\/li>\n\n\n\n<li class=\"has-extra-small-font-size\" style=\"line-height:1.3\">Serum-Amyloid-A (SAA) Wert<\/li>\n\n\n\n<li class=\"has-extra-small-font-size\" style=\"line-height:1.3\">(NT-ProBNP Wert bei Verdacht auf Herzerkrankung)<\/li>\n<\/ul>\n\n\n\n<p class=\"has-extra-small-font-size\">Ultraschall \/ R\u00f6ntgen:<\/p>\n\n\n\n<ul>\n<li class=\"has-extra-small-font-size\" style=\"line-height:1.3\">zur Beurteilung eventuell vorhandener Aszites, Zustand der Organe, Lymphknoten, etc.<\/li>\n\n\n\n<li class=\"has-extra-small-font-size\" style=\"line-height:1.3\">Gegebenenfalls Herzultraschall bei Thorax-Erguss zum Ausschluss m\u00f6glicher Herzerkrankungen<\/li>\n<\/ul>\n\n\n\n<p class=\"has-extra-small-font-size\">Bei Aszites (Fl\u00fcssigkeit Bauchraum \/ Thorax)<\/p>\n\n\n\n<ul>\n<li class=\"has-extra-small-font-size\" style=\"line-height:1.3\">sofern m\u00f6glich Punktion f\u00fcr Real Virus PCR. Hier empfiehlt sich eine zytologische, bakteriologische und virologische Untersuchung der Proben, idealerweise durch immunhistochemische F\u00e4rbung.<\/li>\n<\/ul>\n<\/div>\n<\/div>\n\n\n\n<div style=\"height:40px\" aria-hidden=\"true\" class=\"wp-block-spacer\"><\/div>\n<\/div><\/div>\n\n\n\n<div style=\"height:100px\" aria-hidden=\"true\" class=\"wp-block-spacer\"><\/div>\n\n\n\n<div class=\"wp-block-group alignfull has-background is-layout-flow\" style=\"background-color:#ffffff69\"><div class=\"wp-block-group__inner-container\">\n<div style=\"height:70px\" aria-hidden=\"true\" class=\"wp-block-spacer\"><\/div>\n\n\n\n<div class=\"wp-block-columns alignwide are-vertically-aligned-center is-layout-flex wp-container-35\">\n<div class=\"wp-block-column is-layout-flow\" style=\"flex-basis:50%\">\n<p class=\"has-text-color\" style=\"color:#189dac;font-size:30px;line-height:1.1\"><strong>Wie wird FIP behandelt?<\/strong><\/p>\n<\/div>\n\n\n\n<div class=\"wp-block-column is-layout-flow\" style=\"flex-basis:50%\">\n<hr class=\"wp-block-separator has-text-color has-css-opacity has-background is-style-wide\" style=\"background-color:#000000;color:#000000\"\/>\n<\/div>\n<\/div>\n\n\n\n<div class=\"wp-block-columns alignwide is-layout-flex wp-container-39\">\n<div class=\"wp-block-column is-layout-flow\"><\/div>\n\n\n\n<div class=\"wp-block-column is-layout-flow\">\n<p class=\"has-text-color has-extra-small-font-size\" style=\"color:#000000\">Es gibt keine offiziell zugelassene Behandlung f\u00fcr FIP. Allerdings wurde die Wirksamkeit und Sicherheit des Wirkstoffes GS-441524 in mehreren klinischen Studien mit FIP-erkrankten Katzen gezeigt. <sup>(<a href=\"#quellen\" title=\"\">3<\/a>, <a href=\"#quellen\" title=\"\">4<\/a>)<\/sup> Der Anteil geheilter Katzen liegt bei ca. 85%. H\u00e4ufige Gr\u00fcnde f\u00fcr ein Behandlungsversagen sind zum Beispiel eine FIP Fehldiagnose, mangelnde Diagnosenstellung, falsche Dosierung\/Unterdosierung, gleichzeitiges Auftreten von anderen Erkrankungen und Resistenzen gegen die Behandlung. <sup>(<a href=\"#quellen\" title=\"\">5<\/a>)<\/sup>\u00a0Ausserdem k\u00f6nnen ein zu sp\u00e4ter Therapiestart oder ein fr\u00fchzeitiges Beenden der Therapie zu Behandlungsversagen f\u00fchren. Die derzeit empfohlene Therapiedauer betr\u00e4gt mindestens 84 Tage.<sup>(<a href=\"#quellen\" title=\"\">3<\/a>, <a href=\"#quellen\" title=\"\">4<\/a>)<\/sup><\/p>\n<\/div>\n\n\n\n<div class=\"wp-block-column is-layout-flow\">\n<p class=\"has-text-color has-extra-small-font-size\" style=\"color:#000000\">GS-441524 wird entweder oral oder durch subkutane Injektionen verabreicht. <sup>(<a href=\"#quellen\" title=\"\">3<\/a>, <a href=\"#quellen\" title=\"\">4<\/a>)<\/sup> Die Dosierung und Darreichungsform richtet sich nach Form und Schwere der FIP Erkrankung, sowie dem Vorliegen von gastro-intestinalen Symptomen.<\/p>\n<\/div>\n<\/div>\n\n\n\n<div style=\"height:40px\" aria-hidden=\"true\" class=\"wp-block-spacer\"><\/div>\n<\/div><\/div>\n\n\n\n<div style=\"height:100px\" aria-hidden=\"true\" class=\"wp-block-spacer\"><\/div>\n\n\n\n<h2 class=\"wp-block-heading has-large-font-size\" id=\"quellen\">Quellen:<\/h2>\n\n\n\n<p class=\"has-extra-small-font-size\">(1) <a href=\"https:\/\/journals.sagepub.com\/doi\/10.1177\/1098612X221118761?url_ver=Z39.88-2003&amp;rfr_id=ori:rid:crossref.org&amp;rfr_dat=cr_pub%20%200pubmed\" title=\"\">Thayer V, Gogolski S, Felten S, et al (2022) 2022 AAFP\/EveryCat Feline Infectious Peritonitis Diagnosis Guidelines. Journal of Feline Medicine and Surgery; 24(9).<\/a>&nbsp;<\/p>\n\n\n\n<p class=\"has-extra-small-font-size\">(2) <a href=\"https:\/\/www.ncbi.nlm.nih.gov\/pmc\/articles\/PMC6893704\/\" title=\"\">Felten S, Hartmann K (2019) Diagnosis of Feline Infectious Peritonitis: A Review of the Current Literature. Viruses; 11:1068.<\/a>&nbsp;<\/p>\n\n\n\n<p class=\"has-extra-small-font-size\">(3) <a href=\"https:\/\/journals.sagepub.com\/doi\/full\/10.1177\/1098612X19825701?rfr_dat=cr_pub++0pubmed&amp;url_ver=Z39.88-2003&amp;rfr_id=ori%3Arid%3Acrossref.org\" title=\"\">Pedersen NC, Perron M, Bannasch M, et al (2019) Efficacy and safety of the nucleoside analog GS-441524 for treatment of cats with naturally occurring feline infectious peritonitis. J Feline Med Surg; 21(4):271-281.<\/a>&nbsp;<\/p>\n\n\n\n<p class=\"has-extra-small-font-size\">(4) <a href=\"https:\/\/www.mdpi.com\/1999-4915\/13\/11\/2228\" title=\"\">Krentz D, Zenger K, Alberer M, et al (2021) Curing Cats with Feline Infectious Peritonitis with an Oral Multi-Component Drug Containing GS-441524. Viruses; 13(11): 2228.<\/a><\/p>\n\n\n\n<p class=\"has-extra-small-font-size\">(5) <a href=\"https:\/\/ccah.vetmed.ucdavis.edu\/sites\/g\/files\/dgvnsk4586\/files\/inline-files\/Summary of GS-441524 treatment v5.pdf\" title=\"\">Pedersen NC: Summary of GS-441524 treatment for FIP. School of Veterinary Medicine, University of California, Davis.<\/a>&nbsp;<\/p>\n","protected":false},"excerpt":{"rendered":"<p>Wie entsteht FIP? FIP ist eine bis vor kurzem immer t\u00f6dlich verlaufende Viruserkrankung. Sie entsteht, wenn das hoch ansteckende feline Coronavirus (FCoV), das in etwa 80% aller Katzen zu finden ist, mutiert und FIP ausl\u00f6st. (1, 2) Solch eine Mutation entsteht allerdings nur in einem geringen Teil der mit FCoV infizierten Katzen. (2) Nicht mutiert&hellip; <a class=\"more-link\" href=\"https:\/\/fip-wenn-jede-minute-zaehlt.de\/?page_id=80\">Continue reading <span class=\"screen-reader-text\">Feline Infekti\u00f6se Peritonitis (FIP)<\/span><\/a><\/p>\n","protected":false},"author":1,"featured_media":0,"parent":7,"menu_order":1,"comment_status":"closed","ping_status":"closed","template":"","meta":[],"aioseo_notices":[],"_links":{"self":[{"href":"https:\/\/fip-wenn-jede-minute-zaehlt.de\/index.php?rest_route=\/wp\/v2\/pages\/80"}],"collection":[{"href":"https:\/\/fip-wenn-jede-minute-zaehlt.de\/index.php?rest_route=\/wp\/v2\/pages"}],"about":[{"href":"https:\/\/fip-wenn-jede-minute-zaehlt.de\/index.php?rest_route=\/wp\/v2\/types\/page"}],"author":[{"embeddable":true,"href":"https:\/\/fip-wenn-jede-minute-zaehlt.de\/index.php?rest_route=\/wp\/v2\/users\/1"}],"replies":[{"embeddable":true,"href":"https:\/\/fip-wenn-jede-minute-zaehlt.de\/index.php?rest_route=%2Fwp%2Fv2%2Fcomments&post=80"}],"version-history":[{"count":25,"href":"https:\/\/fip-wenn-jede-minute-zaehlt.de\/index.php?rest_route=\/wp\/v2\/pages\/80\/revisions"}],"predecessor-version":[{"id":311,"href":"https:\/\/fip-wenn-jede-minute-zaehlt.de\/index.php?rest_route=\/wp\/v2\/pages\/80\/revisions\/311"}],"up":[{"embeddable":true,"href":"https:\/\/fip-wenn-jede-minute-zaehlt.de\/index.php?rest_route=\/wp\/v2\/pages\/7"}],"wp:attachment":[{"href":"https:\/\/fip-wenn-jede-minute-zaehlt.de\/index.php?rest_route=%2Fwp%2Fv2%2Fmedia&parent=80"}],"curies":[{"name":"wp","href":"https:\/\/api.w.org\/{rel}","templated":true}]}}